{"id":60,"date":"2017-07-02T09:51:14","date_gmt":"2017-07-02T09:51:14","guid":{"rendered":"http:\/\/digitalmarketingbureau.ro\/wp\/?page_id=60"},"modified":"2018-03-22T12:58:36","modified_gmt":"2018-03-22T12:58:36","slug":"serviciile-digital-marketing-bureau","status":"publish","type":"page","link":"https:\/\/digitalmarketingbureau.ro\/wp\/serviciile-digital-marketing-bureau\/","title":{"rendered":"Serviciile noastre"},"content":{"rendered":"<section class=\"wrapper space-bottom-m\">\n<div class=\"container\">\n<div class=\"row\">\n<div class=\"col-6\">\n<h1>Oferim pachetul complet de online marketing<\/h1>\n<p align=\"justify\">Avantajul principal al colabor\u0103rii cu Digital Marketing Bureau este c\u0103 prime\u0219ti un pachet complet de servicii pentru afacerea ta.<br \/>\nFiecare ramur\u0103 a marketingului online cade \u00een sarcina unuia sau mai multor speciali\u0219ti, iar afacerea ta beneficiaz\u0103 de rezultatul final al unei munci de echip\u0103.<br \/>\nSunt foarte multe platforme sociale, site-uri web, aplica\u0163ii \u015fi instrumente cu care interactionezi zilnic. Noi te ajut\u0103m s\u0103 le alegi pe cele mai potrivite afacerii tale. Suntem alinia\u021bi cu cele mai moderne standarde ale motoarelor de c\u0103utare. Sus\u021binem integrarea cu alte canale digitale, precum \u015fi controlul bugetului alocat promov\u0103rii, pentru a ob\u021bine rezultate excelente \u00een zonele prioritare.<\/p>\n<\/div>\n<div class=\"col-6\"><img fetchpriority=\"high\" decoding=\"async\" class=\"aligncenter wp-image-75 size-full\" title=\"Pachet de servicii\" src=\"https:\/\/digitalmarketingbureau.ro\/wp\/wp-content\/uploads\/team-effort.png\" alt=\"Pachet de servicii\" width=\"571\" height=\"440\" \/><\/div>\n<\/div>\n<\/div>\n<section class=\"wrapper space-v-m bg-white\">\n<div class=\"container\">\n<div class=\"row\">\n<div class=\"col-6\"><img decoding=\"async\" class=\"aligncenter wp-image-24 size-full\" title=\"marketingul digital \" src=\"https:\/\/digitalmarketingbureau.ro\/wp\/wp-content\/uploads\/marketing-services.png\" alt=\"marketingul digital \" width=\"571\" height=\"417\" \/><\/div>\n<div class=\"col-6\">\n<h1>Trat\u0103m marketingul digital cu respectul cuvenit<\/h1>\n<p><strong>Dac\u0103 vrei s\u0103 ai succes \u00een online, respect\u0103 nevoile consumatorilor!<\/strong><\/p>\n<p align=\"justify\">Digitalul este un mediu de sine st\u0103t\u0103tor \u015fi nu o subcategorie a marketingului clasic, fiind o ramur\u0103 separat\u0103 \u0219i cu reguli de func\u021bionare specifice. Pentru c\u0103 este o ramur\u0103 diferit\u0103 a marketingului, noi o trat\u0103m diferit!<\/p>\n<p>Avantajele evidente ale marketingului digital \u021bin de o rela\u021bie mai asumat\u0103 \u0219i mai u\u0219or de monitorizat cu clien\u021bii.<\/p>\n<p align=\"justify\">\u00cen prezent, succesul unei campanii nu mai depinde doar de prezen\u021ba ei pe canalele clasice de publicitate. Genera\u021bia actual\u0103 a consumatorilor \u021binte\u0219te spre experien\u021be pl\u0103cute \u0219i personalizate cu firmele. Acest obiectiv este realizabil printr-o prezen\u021b\u0103 online profesional\u0103.<\/p>\n<\/div>\n<\/div>\n<\/div>\n<\/section>\n<\/section>\n","protected":false},"excerpt":{"rendered":"<p>Oferim pachetul complet de online marketing Avantajul principal al colabor\u0103rii cu Digital Marketing Bureau este c\u0103 prime\u0219ti un pachet complet de servicii pentru afacerea ta. Fiecare ramur\u0103 a marketingului online cade \u00een sarcina unuia sau mai multor speciali\u0219ti, iar afacerea ta beneficiaz\u0103 de rezultatul final al unei munci de echip\u0103. Sunt foarte multe platforme sociale, [&hellip;]<\/p>\n","protected":false},"author":1,"featured_media":0,"parent":0,"menu_order":0,"comment_status":"closed","ping_status":"closed","template":"page-services.php","meta":{"footnotes":""},"yoast_head":"<!-- This site is optimized with the Yoast SEO plugin v23.2 - https:\/\/yoast.com\/wordpress\/plugins\/seo\/ -->\n<title>Serviciile noastre - Digital Marketing Bureau<\/title>\n<meta name=\"description\" content=\"Digital Marketing Bureau ofera un pachet complet de servicii online. Succesul unei campanii nu mai depinde doar de prezen\u021ba ei pe canalele de publicitate.\" \/>\n<meta name=\"robots\" content=\"index, follow, max-snippet:-1, max-image-preview:large, max-video-preview:-1\" \/>\n<link rel=\"canonical\" href=\"https:\/\/digitalmarketingbureau.ro\/wp\/serviciile-digital-marketing-bureau\/\" \/>\n<meta property=\"og:locale\" content=\"ro_RO\" \/>\n<meta property=\"og:type\" content=\"article\" \/>\n<meta property=\"og:title\" content=\"Serviciile noastre - Digital Marketing Bureau\" \/>\n<meta property=\"og:description\" content=\"Digital Marketing Bureau ofera un pachet complet de servicii online. Succesul unei campanii nu mai depinde doar de prezen\u021ba ei pe canalele de publicitate.\" \/>\n<meta property=\"og:url\" content=\"https:\/\/digitalmarketingbureau.ro\/wp\/serviciile-digital-marketing-bureau\/\" \/>\n<meta property=\"og:site_name\" content=\"Digital Marketing Bureau\" \/>\n<meta property=\"article:publisher\" content=\"https:\/\/www.facebook.com\/digitalmarketingbureau\" \/>\n<meta property=\"article:modified_time\" content=\"2018-03-22T12:58:36+00:00\" \/>\n<meta property=\"og:image\" content=\"https:\/\/digitalmarketingbureau.ro\/wp\/wp-content\/uploads\/team-effort.png\" \/>\n<meta name=\"twitter:card\" content=\"summary_large_image\" \/>\n<meta name=\"twitter:label1\" content=\"Timp estimat pentru citire\" \/>\n\t<meta name=\"twitter:data1\" content=\"1 minut\" \/>\n<script type=\"application\/ld+json\" class=\"yoast-schema-graph\">{\"@context\":\"https:\/\/schema.org\",\"@graph\":[{\"@type\":\"WebPage\",\"@id\":\"https:\/\/digitalmarketingbureau.ro\/wp\/serviciile-digital-marketing-bureau\/\",\"url\":\"https:\/\/digitalmarketingbureau.ro\/wp\/serviciile-digital-marketing-bureau\/\",\"name\":\"Serviciile noastre - Digital Marketing Bureau\",\"isPartOf\":{\"@id\":\"https:\/\/digitalmarketingbureau.ro\/wp\/#website\"},\"primaryImageOfPage\":{\"@id\":\"https:\/\/digitalmarketingbureau.ro\/wp\/serviciile-digital-marketing-bureau\/#primaryimage\"},\"image\":{\"@id\":\"https:\/\/digitalmarketingbureau.ro\/wp\/serviciile-digital-marketing-bureau\/#primaryimage\"},\"thumbnailUrl\":\"https:\/\/digitalmarketingbureau.ro\/wp\/wp-content\/uploads\/team-effort.png\",\"datePublished\":\"2017-07-02T09:51:14+00:00\",\"dateModified\":\"2018-03-22T12:58:36+00:00\",\"description\":\"Digital Marketing Bureau ofera un pachet complet de servicii online. Succesul unei campanii nu mai depinde doar de prezen\u021ba ei pe canalele de publicitate.\",\"breadcrumb\":{\"@id\":\"https:\/\/digitalmarketingbureau.ro\/wp\/serviciile-digital-marketing-bureau\/#breadcrumb\"},\"inLanguage\":\"ro-RO\",\"potentialAction\":[{\"@type\":\"ReadAction\",\"target\":[\"https:\/\/digitalmarketingbureau.ro\/wp\/serviciile-digital-marketing-bureau\/\"]}]},{\"@type\":\"ImageObject\",\"inLanguage\":\"ro-RO\",\"@id\":\"https:\/\/digitalmarketingbureau.ro\/wp\/serviciile-digital-marketing-bureau\/#primaryimage\",\"url\":\"https:\/\/digitalmarketingbureau.ro\/wp\/wp-content\/uploads\/team-effort.png\",\"contentUrl\":\"https:\/\/digitalmarketingbureau.ro\/wp\/wp-content\/uploads\/team-effort.png\",\"width\":571,\"height\":440},{\"@type\":\"BreadcrumbList\",\"@id\":\"https:\/\/digitalmarketingbureau.ro\/wp\/serviciile-digital-marketing-bureau\/#breadcrumb\",\"itemListElement\":[{\"@type\":\"ListItem\",\"position\":1,\"name\":\"Prima pagin\u0103\",\"item\":\"https:\/\/digitalmarketingbureau.ro\/wp\/\"},{\"@type\":\"ListItem\",\"position\":2,\"name\":\"Serviciile noastre\"}]},{\"@type\":\"WebSite\",\"@id\":\"https:\/\/digitalmarketingbureau.ro\/wp\/#website\",\"url\":\"https:\/\/digitalmarketingbureau.ro\/wp\/\",\"name\":\"Digital Marketing Bureau\",\"description\":\"\u00cempreun\u0103 spunem povestea succesului t\u0103u!\",\"publisher\":{\"@id\":\"https:\/\/digitalmarketingbureau.ro\/wp\/#organization\"},\"potentialAction\":[{\"@type\":\"SearchAction\",\"target\":{\"@type\":\"EntryPoint\",\"urlTemplate\":\"https:\/\/digitalmarketingbureau.ro\/wp\/?s={search_term_string}\"},\"query-input\":\"required name=search_term_string\"}],\"inLanguage\":\"ro-RO\"},{\"@type\":\"Organization\",\"@id\":\"https:\/\/digitalmarketingbureau.ro\/wp\/#organization\",\"name\":\"Digital Marketing Bureau\",\"url\":\"https:\/\/digitalmarketingbureau.ro\/wp\/\",\"logo\":{\"@type\":\"ImageObject\",\"inLanguage\":\"ro-RO\",\"@id\":\"https:\/\/digitalmarketingbureau.ro\/wp\/#\/schema\/logo\/image\/\",\"url\":\"https:\/\/digitalmarketingbureau.ro\/wp\/wp-content\/uploads\/2018\/03\/cropped-logo-1.jpg\",\"contentUrl\":\"https:\/\/digitalmarketingbureau.ro\/wp\/wp-content\/uploads\/2018\/03\/cropped-logo-1.jpg\",\"width\":\"512\",\"height\":\"392\",\"caption\":\"Digital Marketing Bureau\"},\"image\":{\"@id\":\"https:\/\/digitalmarketingbureau.ro\/wp\/#\/schema\/logo\/image\/\"},\"sameAs\":[\"https:\/\/www.facebook.com\/digitalmarketingbureau\",\"https:\/\/www.instagram.com\/digitalmarketingbureau\/\"]}]}<\/script>\n<!-- \/ Yoast SEO plugin. -->","yoast_head_json":{"title":"Serviciile noastre - Digital Marketing Bureau","description":"Digital Marketing Bureau ofera un pachet complet de servicii online. Succesul unei campanii nu mai depinde doar de prezen\u021ba ei pe canalele de publicitate.","robots":{"index":"index","follow":"follow","max-snippet":"max-snippet:-1","max-image-preview":"max-image-preview:large","max-video-preview":"max-video-preview:-1"},"canonical":"https:\/\/digitalmarketingbureau.ro\/wp\/serviciile-digital-marketing-bureau\/","og_locale":"ro_RO","og_type":"article","og_title":"Serviciile noastre - Digital Marketing Bureau","og_description":"Digital Marketing Bureau ofera un pachet complet de servicii online. Succesul unei campanii nu mai depinde doar de prezen\u021ba ei pe canalele de publicitate.","og_url":"https:\/\/digitalmarketingbureau.ro\/wp\/serviciile-digital-marketing-bureau\/","og_site_name":"Digital Marketing Bureau","article_publisher":"https:\/\/www.facebook.com\/digitalmarketingbureau","article_modified_time":"2018-03-22T12:58:36+00:00","og_image":[{"url":"https:\/\/digitalmarketingbureau.ro\/wp\/wp-content\/uploads\/team-effort.png"}],"twitter_card":"summary_large_image","twitter_misc":{"Timp estimat pentru citire":"1 minut"},"schema":{"@context":"https:\/\/schema.org","@graph":[{"@type":"WebPage","@id":"https:\/\/digitalmarketingbureau.ro\/wp\/serviciile-digital-marketing-bureau\/","url":"https:\/\/digitalmarketingbureau.ro\/wp\/serviciile-digital-marketing-bureau\/","name":"Serviciile noastre - Digital Marketing Bureau","isPartOf":{"@id":"https:\/\/digitalmarketingbureau.ro\/wp\/#website"},"primaryImageOfPage":{"@id":"https:\/\/digitalmarketingbureau.ro\/wp\/serviciile-digital-marketing-bureau\/#primaryimage"},"image":{"@id":"https:\/\/digitalmarketingbureau.ro\/wp\/serviciile-digital-marketing-bureau\/#primaryimage"},"thumbnailUrl":"https:\/\/digitalmarketingbureau.ro\/wp\/wp-content\/uploads\/team-effort.png","datePublished":"2017-07-02T09:51:14+00:00","dateModified":"2018-03-22T12:58:36+00:00","description":"Digital Marketing Bureau ofera un pachet complet de servicii online. Succesul unei campanii nu mai depinde doar de prezen\u021ba ei pe canalele de publicitate.","breadcrumb":{"@id":"https:\/\/digitalmarketingbureau.ro\/wp\/serviciile-digital-marketing-bureau\/#breadcrumb"},"inLanguage":"ro-RO","potentialAction":[{"@type":"ReadAction","target":["https:\/\/digitalmarketingbureau.ro\/wp\/serviciile-digital-marketing-bureau\/"]}]},{"@type":"ImageObject","inLanguage":"ro-RO","@id":"https:\/\/digitalmarketingbureau.ro\/wp\/serviciile-digital-marketing-bureau\/#primaryimage","url":"https:\/\/digitalmarketingbureau.ro\/wp\/wp-content\/uploads\/team-effort.png","contentUrl":"https:\/\/digitalmarketingbureau.ro\/wp\/wp-content\/uploads\/team-effort.png","width":571,"height":440},{"@type":"BreadcrumbList","@id":"https:\/\/digitalmarketingbureau.ro\/wp\/serviciile-digital-marketing-bureau\/#breadcrumb","itemListElement":[{"@type":"ListItem","position":1,"name":"Prima pagin\u0103","item":"https:\/\/digitalmarketingbureau.ro\/wp\/"},{"@type":"ListItem","position":2,"name":"Serviciile noastre"}]},{"@type":"WebSite","@id":"https:\/\/digitalmarketingbureau.ro\/wp\/#website","url":"https:\/\/digitalmarketingbureau.ro\/wp\/","name":"Digital Marketing Bureau","description":"\u00cempreun\u0103 spunem povestea succesului t\u0103u!","publisher":{"@id":"https:\/\/digitalmarketingbureau.ro\/wp\/#organization"},"potentialAction":[{"@type":"SearchAction","target":{"@type":"EntryPoint","urlTemplate":"https:\/\/digitalmarketingbureau.ro\/wp\/?s={search_term_string}"},"query-input":"required name=search_term_string"}],"inLanguage":"ro-RO"},{"@type":"Organization","@id":"https:\/\/digitalmarketingbureau.ro\/wp\/#organization","name":"Digital Marketing Bureau","url":"https:\/\/digitalmarketingbureau.ro\/wp\/","logo":{"@type":"ImageObject","inLanguage":"ro-RO","@id":"https:\/\/digitalmarketingbureau.ro\/wp\/#\/schema\/logo\/image\/","url":"https:\/\/digitalmarketingbureau.ro\/wp\/wp-content\/uploads\/2018\/03\/cropped-logo-1.jpg","contentUrl":"https:\/\/digitalmarketingbureau.ro\/wp\/wp-content\/uploads\/2018\/03\/cropped-logo-1.jpg","width":"512","height":"392","caption":"Digital Marketing Bureau"},"image":{"@id":"https:\/\/digitalmarketingbureau.ro\/wp\/#\/schema\/logo\/image\/"},"sameAs":["https:\/\/www.facebook.com\/digitalmarketingbureau","https:\/\/www.instagram.com\/digitalmarketingbureau\/"]}]}},"_links":{"self":[{"href":"https:\/\/digitalmarketingbureau.ro\/wp\/wp-json\/wp\/v2\/pages\/60"}],"collection":[{"href":"https:\/\/digitalmarketingbureau.ro\/wp\/wp-json\/wp\/v2\/pages"}],"about":[{"href":"https:\/\/digitalmarketingbureau.ro\/wp\/wp-json\/wp\/v2\/types\/page"}],"author":[{"embeddable":true,"href":"https:\/\/digitalmarketingbureau.ro\/wp\/wp-json\/wp\/v2\/users\/1"}],"replies":[{"embeddable":true,"href":"https:\/\/digitalmarketingbureau.ro\/wp\/wp-json\/wp\/v2\/comments?post=60"}],"version-history":[{"count":0,"href":"https:\/\/digitalmarketingbureau.ro\/wp\/wp-json\/wp\/v2\/pages\/60\/revisions"}],"wp:attachment":[{"href":"https:\/\/digitalmarketingbureau.ro\/wp\/wp-json\/wp\/v2\/media?parent=60"}],"curies":[{"name":"wp","href":"https:\/\/api.w.org\/{rel}","templated":true}]}}